{"id":203,"date":"2017-09-26T09:19:45","date_gmt":"2017-09-26T09:19:45","guid":{"rendered":"http:\/\/www.turnklub-krefeld.de\/?page_id=203"},"modified":"2018-05-15T17:24:27","modified_gmt":"2018-05-15T16:24:27","slug":"impressum","status":"publish","type":"page","link":"http:\/\/www.turnklub-krefeld.de\/?page_id=203","title":{"rendered":"Impressum"},"content":{"rendered":"<p><strong>Rechtliche Hinweise<\/strong> <strong>Verantwortlich f\u00fcr den Inhalt gem\u00e4\u00df \u00a7 6 MDStV:<\/strong><\/p>\n<hr \/>\n<p><strong>Turnklub Krefeld 1925 e.V.<\/strong><\/p>\n<p>Turnklub Krefeld KTK<\/p>\n<p>Postfach 130310<\/p>\n<p>47755 Krefeld<\/p>\n<p>Telefon 0177 69 43 806<\/p>\n<p>Email :\u00a0<a href=\"mailto:turnklub-krefeld@web.de\">turnklub-krefeld@web.de<\/a><\/p>\n<p>&nbsp;<\/p>\n<p><strong>Haftungshinweis<\/strong><\/p>\n<p>Mit Urteil vom 12. Mai 1998 hat das Landgericht Hamburg entschieden, dass man durch die Ausbringung eines Links die Inhalte der verkn\u00fcften Seite ggf. mit zu verantworten hat. Dies kann &#8211; so das Landgericht Hamburg &#8211; nur dadurch verhindert werden, dass man sich ausdr\u00fccklich von diesen Inhalten distanziert.<\/p>\n<p>Wir haben auf unserer Seite Verkn\u00fcpfungen zu anderen Inhalten im Internet hinterlegt. Trotz sorgf\u00e4ltiger inhaltlicher Kontrolle \u00fcbernehmen wir keine Haftung f\u00fcr die Inhalte externer Verkn\u00fcpfungen. F\u00fcr den Inhalt der verkn\u00fcpften Seiten sind ausschlie\u00dflich deren Betreiber verantwortlich. Diese Erkl\u00e4rung gilt f\u00fcr alle auf unserer Seite ausgebrachten Verkn\u00fcpfungen.<\/p>\n<p>Wir sind bem\u00fcht, f\u00fcr die Richtigkeit und Aktualit\u00e4t aller auf dieser Website enthaltenen Informationen und Daten zu sorgen. Eine Haftung oder Garantie f\u00fcr die Aktualit\u00e4t, Richtigkeit und Vollst\u00e4ndigkeit der zur Verf\u00fcgung gestellten Informationen und Daten ist jedoch ausgeschlossen. Wir behalten uns vor, ohne Ank\u00fcndigung \u00c4nderungen oder Erg\u00e4nzungen der bereitgestellten Informationen oder Daten vorzunehmen. Der Inhalt der Website ist urheberrechtlich gesch\u00fctzt. Die Vervielf\u00e4ltigung von Informationen oder Daten, insbesondere die Verwendung von Texten, Textteilen oder Bildmaterial bedarf der vorherigen Zustimmung durch den Betreiber, sofern dies nicht ausdr\u00fccklich anders vermerkt ist.<\/p>\n<p>Eventuell erw\u00e4hnte oder gezeigte Markennamen oder Markenzeichen, k\u00f6nnen eingetragene Markennamen oder Markenzeichen Dritter sein.<\/p>\n<p>S\u00e4mtliche Informationen oder Daten, ihre Nutzung sowie s\u00e4mtliches mit dieser Website zusammenh\u00e4ngendes Tun, Dulden oder Unterlassen unterliegen ausschlie\u00dflich dem Recht der Bundesrepublik Deutschland.<\/p>\n<p>Copyright by Turnklub Krefeld 1925 e.V. \u00a9<\/p>\n<p>&nbsp;<\/p>\n","protected":false},"excerpt":{"rendered":"<p>Rechtliche Hinweise Verantwortlich f\u00fcr den Inhalt gem\u00e4\u00df \u00a7 6 MDStV: Turnklub Krefeld 1925 e.V. Turnklub Krefeld KTK Postfach 130310 47755 Krefeld Telefon 0177 69 43 806 Email :\u00a0turnklub-krefeld@web.de &nbsp; Haftungshinweis Mit Urteil vom 12. Mai 1998 hat das Landgericht Hamburg entschieden, dass man durch die Ausbringung eines Links die Inhalte der verkn\u00fcften Seite ggf. mit [&hellip;]<\/p>\n","protected":false},"author":2,"featured_media":0,"parent":0,"menu_order":7,"comment_status":"closed","ping_status":"closed","template":"page-templates\/full-width.php","meta":{"footnotes":""},"class_list":["post-203","page","type-page","status-publish","hentry"],"_links":{"self":[{"href":"http:\/\/www.turnklub-krefeld.de\/index.php?rest_route=\/wp\/v2\/pages\/203"}],"collection":[{"href":"http:\/\/www.turnklub-krefeld.de\/index.php?rest_route=\/wp\/v2\/pages"}],"about":[{"href":"http:\/\/www.turnklub-krefeld.de\/index.php?rest_route=\/wp\/v2\/types\/page"}],"author":[{"embeddable":true,"href":"http:\/\/www.turnklub-krefeld.de\/index.php?rest_route=\/wp\/v2\/users\/2"}],"replies":[{"embeddable":true,"href":"http:\/\/www.turnklub-krefeld.de\/index.php?rest_route=%2Fwp%2Fv2%2Fcomments&post=203"}],"version-history":[{"count":5,"href":"http:\/\/www.turnklub-krefeld.de\/index.php?rest_route=\/wp\/v2\/pages\/203\/revisions"}],"predecessor-version":[{"id":446,"href":"http:\/\/www.turnklub-krefeld.de\/index.php?rest_route=\/wp\/v2\/pages\/203\/revisions\/446"}],"wp:attachment":[{"href":"http:\/\/www.turnklub-krefeld.de\/index.php?rest_route=%2Fwp%2Fv2%2Fmedia&parent=203"}],"curies":[{"name":"wp","href":"https:\/\/api.w.org\/{rel}","templated":true}]}}