{"id":201,"date":"2017-09-26T09:19:16","date_gmt":"2017-09-26T09:19:16","guid":{"rendered":"http:\/\/www.turnklub-krefeld.de\/?page_id=201"},"modified":"2025-08-13T15:07:39","modified_gmt":"2025-08-13T14:07:39","slug":"kontakt","status":"publish","type":"page","link":"http:\/\/www.turnklub-krefeld.de\/?page_id=201","title":{"rendered":"Kontakt"},"content":{"rendered":"<p><strong><span style=\"color: #c0c0c0; font-family: Verdana; font-size: small;\">Kontakt zur Gesch\u00e4ftsstelle<br \/>\n<\/span><\/strong><\/p>\n<hr \/>\n<p><span dir=\"ltr\" lang=\"de\" style=\"color: #000000; font-family: Verdana,Tahoma,Arial; font-size: small;\"><strong><span style=\"font-family: Verdana; font-size: small;\">Turnklub Krefeld 1925 e.V.<\/span><\/strong><span style=\"font-size: small;\"><span style=\"font-family: Verdana;\">\u00a0<\/span><\/span><\/span><\/p>\n<div><span style=\"font-size: small;\"><span style=\"font-family: Verdana;\"><span dir=\"ltr\" lang=\"de\" style=\"font-family: Verdana,Tahoma,Arial; font-size: small;\">Turnklub Krefeld KTK<\/span><br \/>\n<\/span><\/span><\/div>\n<div><span style=\"font-size: small;\"><span style=\"font-family: Verdana;\"><span dir=\"ltr\" lang=\"de\">Postfach 130310<\/span><br \/>\n<\/span><\/span><\/div>\n<div><span style=\"font-size: small;\"><span style=\"font-family: Verdana;\"><span dir=\"ltr\" lang=\"de\"> 47755 Krefeld<\/span><\/span><\/span><\/div>\n<div><\/div>\n<div><span style=\"font-size: small;\"><span style=\"font-family: Verdana;\"><span dir=\"ltr\" lang=\"de\" style=\"font-family: Verdana,Tahoma,Arial; font-size: small;\"> Telefon 0177 69\u00a043 806<\/span><br \/>\n<\/span><\/span><\/div>\n<div><span dir=\"ltr\" lang=\"de\" style=\"font-family: Verdana,Tahoma,Arial; font-size: small;\"><span style=\"font-family: Verdana; font-size: small;\"> Email <\/span><a href=\"mailto:turnklub-krefeld@web.de\">turnklub-krefeld@web.de<\/a><\/span><\/div>\n<p><span style=\"font-size: small;\"><span style=\"font-family: Verdana;\"><span dir=\"ltr\" lang=\"de\" style=\"font-family: Verdana,Tahoma,Arial; font-size: small;\">Bankverbindung:<br \/>\n<\/span><\/span><\/span><span style=\"font-family: Verdana, Tahoma, Arial; font-size: small;\">Sparkasse Krefeld (BLZ 32050000), Konto 000322909<\/span><\/p>\n<p><span style=\"font-size: small;\"><span style=\"font-family: Verdana;\"> BIC: SPKRDE33XXX, IBAN:\u00a0DE46 3205 0000 0000 3229 09\u00a0<\/span><\/span><\/p>\n<p><span dir=\"ltr\" lang=\"de\"><span style=\"font-size: small;\"><span style=\"font-family: Verdana;\">K\u00fcndigung:<br \/>\n<\/span><\/span><\/span><span style=\"font-family: Verdana;\"><span dir=\"ltr\" lang=\"de\" style=\"font-family: Verdana,Tahoma,Arial; font-size: small;\"><span style=\"font-size: small;\"> Der Austritt kann nur zum 30.06.<\/span><span style=\"font-size: small;\"> und zum <\/span><span style=\"font-size: small;\">31.12.<\/span><span style=\"font-size: small;\"> eines jeden Jahres nach schriftlicher K\u00fcndigung, sp\u00e4testens zwei Monate vor Ende des Halbjahres, erfolgen. Bei nicht fristgerechter K\u00fcndigung verl\u00e4ngert sich die Mitgliedschaft automatisch um ein halbes Jahr.<\/span><\/span><br \/>\n<\/span><\/p>\n<p><span dir=\"ltr\" lang=\"de\" style=\"font-size: small;\"><span style=\"font-size: small;\"><span style=\"font-family: Verdana;\"><strong>Unsere \u00dcbungsleiter|innen im \u00dcberblick<\/strong><\/span><\/span><\/span><\/p>\n<div><span dir=\"ltr\" lang=\"de\" style=\"font-family: Verdana,Tahoma,Arial; font-size: small;\"><span style=\"font-family: Verdana; font-size: small;\"> Ute Fonken, Vor Ort in der Halle zu erreichen (<\/span>Gymnastik<span style=\"font-family: Verdana; font-size: small;\">)<\/span><\/span><\/div>\n<div><\/div>\n<div><span dir=\"ltr\" lang=\"de\" style=\"font-family: Verdana,Tahoma,Arial; font-size: small;\"><span style=\"font-family: Verdana; font-size: small;\"> Renate Schmitz, Telefon 02151-399670 oder 0151-75059532 (<\/span>Gymnastik<span style=\"font-family: Verdana; font-size: small;\">)<\/span><\/span><\/div>\n<div><\/div>\n<div><span dir=\"ltr\" lang=\"de\" style=\"font-family: Verdana,Tahoma,Arial; font-size: small;\"><span style=\"font-family: Verdana; font-size: small;\"> Markus Vermeulen, Telefon 0172 379 00 89 (<\/span>Handball &#8211; Herren<span style=\"font-family: Verdana; font-size: small;\">)<\/span><\/span><\/div>\n<div><\/div>\n<div><span dir=\"ltr\" lang=\"de\" style=\"font-family: Verdana,Tahoma,Arial; font-size: small;\"><span style=\"font-family: Verdana; font-size: small;\">Dennis Kuhlenkamp, Telefon 0163 365 970 4 (H<\/span>andball &#8211; Jugendwart<span style=\"font-family: Verdana; font-size: small;\">)<\/span><\/span><\/div>\n<div><\/div>\n<div><span dir=\"ltr\" lang=\"de\" style=\"font-family: Verdana,Tahoma,Arial; font-size: small;\"><span style=\"font-family: Verdana; font-size: small;\">Regina Pink, Telefon 0176 686 268 01(<\/span>Turnen<span style=\"font-family: Verdana; font-size: small;\">)<\/span><\/span><\/div>\n<div><\/div>\n<div><span dir=\"ltr\" lang=\"de\" style=\"font-family: Verdana,Tahoma,Arial; font-size: small;\"><span style=\"font-family: Verdana; font-size: small;\"> Ewald Holste, Telefon 0163 134 95 12 (<\/span>Volleyball<span style=\"font-family: Verdana; font-size: small;\">)<\/span><\/span><\/div>\n","protected":false},"excerpt":{"rendered":"<p>Kontakt zur Gesch\u00e4ftsstelle Turnklub Krefeld 1925 e.V.\u00a0 Turnklub Krefeld KTK Postfach 130310 47755 Krefeld Telefon 0177 69\u00a043 806 Email turnklub-krefeld@web.de Bankverbindung: Sparkasse Krefeld (BLZ 32050000), Konto 000322909 BIC: SPKRDE33XXX, IBAN:\u00a0DE46 3205 0000 0000 3229 09\u00a0 K\u00fcndigung: Der Austritt kann nur zum 30.06. und zum 31.12. eines jeden Jahres nach schriftlicher K\u00fcndigung, sp\u00e4testens zwei Monate vor [&hellip;]<\/p>\n","protected":false},"author":2,"featured_media":0,"parent":0,"menu_order":6,"comment_status":"closed","ping_status":"closed","template":"page-templates\/full-width.php","meta":{"footnotes":""},"class_list":["post-201","page","type-page","status-publish","hentry"],"_links":{"self":[{"href":"http:\/\/www.turnklub-krefeld.de\/index.php?rest_route=\/wp\/v2\/pages\/201"}],"collection":[{"href":"http:\/\/www.turnklub-krefeld.de\/index.php?rest_route=\/wp\/v2\/pages"}],"about":[{"href":"http:\/\/www.turnklub-krefeld.de\/index.php?rest_route=\/wp\/v2\/types\/page"}],"author":[{"embeddable":true,"href":"http:\/\/www.turnklub-krefeld.de\/index.php?rest_route=\/wp\/v2\/users\/2"}],"replies":[{"embeddable":true,"href":"http:\/\/www.turnklub-krefeld.de\/index.php?rest_route=%2Fwp%2Fv2%2Fcomments&post=201"}],"version-history":[{"count":13,"href":"http:\/\/www.turnklub-krefeld.de\/index.php?rest_route=\/wp\/v2\/pages\/201\/revisions"}],"predecessor-version":[{"id":689,"href":"http:\/\/www.turnklub-krefeld.de\/index.php?rest_route=\/wp\/v2\/pages\/201\/revisions\/689"}],"wp:attachment":[{"href":"http:\/\/www.turnklub-krefeld.de\/index.php?rest_route=%2Fwp%2Fv2%2Fmedia&parent=201"}],"curies":[{"name":"wp","href":"https:\/\/api.w.org\/{rel}","templated":true}]}}