{"id":197,"date":"2017-09-26T09:17:48","date_gmt":"2017-09-26T09:17:48","guid":{"rendered":"http:\/\/www.turnklub-krefeld.de\/?page_id=197"},"modified":"2023-02-08T20:08:11","modified_gmt":"2023-02-08T19:08:11","slug":"turnen","status":"publish","type":"page","link":"http:\/\/www.turnklub-krefeld.de\/?page_id=197","title":{"rendered":"Kinderturnen"},"content":{"rendered":"<h1><span style=\"font-size: small;\"><strong><span style=\"font-family: Verdana;\">\u00dcbungszeiten f\u00fcr Kinderturnen<\/span><\/strong><\/span><\/h1>\n<p>f\u00fcr Kinder ab 3 Jahre<\/p>\n<hr \/>\n<p><span dir=\"ltr\" lang=\"de\" style=\"color: #000000; font-family: Verdana,Tahoma,Arial; font-size: small;\"><span style=\"font-family: Verdana; font-size: small;\">Donnerstag<br \/><\/span><span style=\"font-family: Verdana; font-size: small;\"> 17:00 Uhr \u2013 18:15 Uhr<br \/><\/span><span style=\"font-size: small;\"><span style=\"font-family: Verdana;\"><em>Kinderturnen<\/em><\/span><\/span><\/span><\/p>\n<p><strong><span style=\"font-family: Verdana;\"><span style=\"font-size: small;\">Turnhalle Gerberstrasse 43,47798 Krefeld<\/span><\/span><\/strong><\/p>\n<div><span dir=\"ltr\" lang=\"de\" style=\"color: #000000; font-family: Verdana; font-size: small;\"><strong>Informationen\/ \u00dcbungsleiterin<\/strong><\/span><\/div>\n<div>\u00a0<\/div>\n<div><span dir=\"ltr\" lang=\"de\" style=\"color: #000000; font-family: Verdana,Tahoma,Arial; font-size: small;\"><span style=\"font-family: Verdana; font-size: small;\">Regina Pink, Telefon 0176 686 268 01<\/span><\/span><\/div>\n\n\n<p><\/p>\n","protected":false},"excerpt":{"rendered":"<p>\u00dcbungszeiten f\u00fcr Kinderturnen f\u00fcr Kinder ab 3 Jahre Donnerstag 17:00 Uhr \u2013 18:15 UhrKinderturnen Turnhalle Gerberstrasse 43,47798 Krefeld Informationen\/ \u00dcbungsleiterin \u00a0 Regina Pink, Telefon 0176 686 268 01<\/p>\n","protected":false},"author":2,"featured_media":0,"parent":0,"menu_order":4,"comment_status":"closed","ping_status":"closed","template":"page-templates\/full-width.php","meta":{"footnotes":""},"class_list":["post-197","page","type-page","status-publish","hentry"],"_links":{"self":[{"href":"http:\/\/www.turnklub-krefeld.de\/index.php?rest_route=\/wp\/v2\/pages\/197"}],"collection":[{"href":"http:\/\/www.turnklub-krefeld.de\/index.php?rest_route=\/wp\/v2\/pages"}],"about":[{"href":"http:\/\/www.turnklub-krefeld.de\/index.php?rest_route=\/wp\/v2\/types\/page"}],"author":[{"embeddable":true,"href":"http:\/\/www.turnklub-krefeld.de\/index.php?rest_route=\/wp\/v2\/users\/2"}],"replies":[{"embeddable":true,"href":"http:\/\/www.turnklub-krefeld.de\/index.php?rest_route=%2Fwp%2Fv2%2Fcomments&post=197"}],"version-history":[{"count":10,"href":"http:\/\/www.turnklub-krefeld.de\/index.php?rest_route=\/wp\/v2\/pages\/197\/revisions"}],"predecessor-version":[{"id":685,"href":"http:\/\/www.turnklub-krefeld.de\/index.php?rest_route=\/wp\/v2\/pages\/197\/revisions\/685"}],"wp:attachment":[{"href":"http:\/\/www.turnklub-krefeld.de\/index.php?rest_route=%2Fwp%2Fv2%2Fmedia&parent=197"}],"curies":[{"name":"wp","href":"https:\/\/api.w.org\/{rel}","templated":true}]}}