{"id":194,"date":"2017-09-26T09:07:39","date_gmt":"2017-09-26T09:07:39","guid":{"rendered":"http:\/\/www.turnklub-krefeld.de\/?page_id=194"},"modified":"2023-02-08T20:34:46","modified_gmt":"2023-02-08T19:34:46","slug":"gymnastik","status":"publish","type":"page","link":"http:\/\/www.turnklub-krefeld.de\/?page_id=194","title":{"rendered":"Gymnastik"},"content":{"rendered":"<h1><span style=\"font-size: small;\"><strong><span style=\"font-family: Verdana;\">\u00dcbungszeiten der Gymnastikabteilung<\/span><\/strong><\/span><\/h1>\n<hr \/>\n<p><span style=\"font-family: Verdana; font-size: small;\">jeden Dienstag<br \/>\n<\/span><span style=\"font-family: Verdana;\"><span style=\"font-size: small;\"> 17:30 Uhr &#8211; 18:30<\/span><\/span><\/p>\n<p><strong><span style=\"font-family: Verdana;\"><span style=\"font-size: small;\">Turnhalle Lindenstra\u00dfe 57, 47798 Krefeld<\/span><\/span><\/strong><\/p>\n<p><em><b><span style=\"font-size: small;\">Wirbels\u00e4ulenschonende Gymnastik f\u00fcr Senioren<\/span><\/b><\/em><\/p>\n<p><span style=\"font-family: Verdana;\"><em><b><span style=\"font-size: small;\"><strong><span style=\"font-family: Verdana; font-size: small;\">Informationen\/ \u00dcbungsleiterinnen<\/span><\/strong><\/span><\/b><\/em><\/span><\/p>\n<p><span style=\"font-family: Verdana;\"><span style=\"font-size: small;\"> Ute Fonken, vor Ort in der Halle<br \/>\n<\/span> <\/span><\/p>\n<p><span style=\"font-family: Verdana;\"><span style=\"font-size: small;\">Renate Schmitz, Telefon 02151-399670 oder 0151-75059532<\/span><\/span><\/p>\n<p>weitere Informationen siehe: <a href=\"http:\/\/www.rschmitz-KTK1925.de\">http:\/\/www.rschmitz-KTK1925.de<\/a><\/p>\n","protected":false},"excerpt":{"rendered":"<p>\u00dcbungszeiten der Gymnastikabteilung jeden Dienstag 17:30 Uhr &#8211; 18:30 Turnhalle Lindenstra\u00dfe 57, 47798 Krefeld Wirbels\u00e4ulenschonende Gymnastik f\u00fcr Senioren Informationen\/ \u00dcbungsleiterinnen Ute Fonken, vor Ort in der Halle Renate Schmitz, Telefon 02151-399670 oder 0151-75059532 weitere Informationen siehe: http:\/\/www.rschmitz-KTK1925.de<\/p>\n","protected":false},"author":2,"featured_media":0,"parent":0,"menu_order":2,"comment_status":"closed","ping_status":"closed","template":"page-templates\/full-width.php","meta":{"footnotes":""},"class_list":["post-194","page","type-page","status-publish","hentry"],"_links":{"self":[{"href":"http:\/\/www.turnklub-krefeld.de\/index.php?rest_route=\/wp\/v2\/pages\/194"}],"collection":[{"href":"http:\/\/www.turnklub-krefeld.de\/index.php?rest_route=\/wp\/v2\/pages"}],"about":[{"href":"http:\/\/www.turnklub-krefeld.de\/index.php?rest_route=\/wp\/v2\/types\/page"}],"author":[{"embeddable":true,"href":"http:\/\/www.turnklub-krefeld.de\/index.php?rest_route=\/wp\/v2\/users\/2"}],"replies":[{"embeddable":true,"href":"http:\/\/www.turnklub-krefeld.de\/index.php?rest_route=%2Fwp%2Fv2%2Fcomments&post=194"}],"version-history":[{"count":9,"href":"http:\/\/www.turnklub-krefeld.de\/index.php?rest_route=\/wp\/v2\/pages\/194\/revisions"}],"predecessor-version":[{"id":687,"href":"http:\/\/www.turnklub-krefeld.de\/index.php?rest_route=\/wp\/v2\/pages\/194\/revisions\/687"}],"wp:attachment":[{"href":"http:\/\/www.turnklub-krefeld.de\/index.php?rest_route=%2Fwp%2Fv2%2Fmedia&parent=194"}],"curies":[{"name":"wp","href":"https:\/\/api.w.org\/{rel}","templated":true}]}}